{"id":238,"date":"2025-03-24T09:04:50","date_gmt":"2025-03-24T09:04:50","guid":{"rendered":"https:\/\/parkandflyalicante.com\/avis-juridique\/"},"modified":"2025-11-24T09:53:48","modified_gmt":"2025-11-24T09:53:48","slug":"avis-juridique","status":"publish","type":"page","link":"https:\/\/parkandflyalicante.com\/fr\/avis-juridique\/","title":{"rendered":"Avis juridique"},"content":{"rendered":"<p>[et_pb_section fb_built=\u00a0\u00bb1&Prime; _builder_version=\u00a0\u00bb4.27.2&Prime; _module_preset=\u00a0\u00bbdefault\u00a0\u00bb global_colors_info=\u00a0\u00bb{}\u00a0\u00bb][et_pb_row _builder_version=\u00a0\u00bb4.27.2&Prime; _module_preset=\u00a0\u00bbdefault\u00a0\u00bb global_colors_info=\u00a0\u00bb{}\u00a0\u00bb][et_pb_column type=\u00a0\u00bb4_4&Prime; _builder_version=\u00a0\u00bb4.27.2&Prime; _module_preset=\u00a0\u00bbdefault\u00a0\u00bb global_colors_info=\u00a0\u00bb{}\u00a0\u00bb][et_pb_text _builder_version=\u00a0\u00bb4.27.2&Prime; _module_preset=\u00a0\u00bbdefault\u00a0\u00bb hover_enabled=\u00a0\u00bb0&Prime; global_colors_info=\u00a0\u00bb{}\u00a0\u00bb sticky_enabled=\u00a0\u00bb0&Prime;]<\/p>\n<h1>Avis juridique<\/h1>\n<p>Ce portail est la propri\u00e9t\u00e9 de EXPLOTACIONES LO ACEZ, S.L., avec le num\u00e9ro d&rsquo;identification fiscale (NIF) : B-B53745113, dont le si\u00e8ge social est situ\u00e9 AVDA PADRE AGUSTINO \u00c1NGEL ESCAPA, S\/N GASOLINERA GALP 03016 ALICANTE\/ALACANT &#8211; (ALICANTE), t\u00e9l\u00e9phone 965-15.98.60 et courriel : gerencia@parkflyalicante.com.<\/p>\n<h2>Propri\u00e9t\u00e9 intellectuelle et industrielle<\/h2>\n<p>La conception du portail et ses codes sources, ainsi que les logos, marques et autres signes distinctifs qui y figurent, appartiennent \u00e0 EXPLOTACIONES LO ACEZ, S.L. et sont prot\u00e9g\u00e9s par les droits de propri\u00e9t\u00e9 intellectuelle et industrielle correspondants.<\/p>\n<h2>Responsabilit\u00e9 pour le contenu<\/h2>\n<p>EXPLOTACIONES LO ACEZ, S.L. n&rsquo;est pas responsable de la l\u00e9galit\u00e9 des sites Web de tiers auxquels vous pouvez acc\u00e9der par le biais du portail. EXPLOTACIONES LO ACEZ, S.L. n&rsquo;est pas non plus responsable de la l\u00e9galit\u00e9 des sites Web de tiers qui peuvent \u00eatre li\u00e9s ou connect\u00e9s \u00e0 ce portail. <\/p>\n<p>EXPLOTACIONES LO ACEZ, S.L. se r\u00e9serve le droit d&rsquo;effectuer des changements sur le site web sans pr\u00e9avis, afin de maintenir l&rsquo;information \u00e0 jour, en ajoutant, modifiant, corrigeant ou supprimant le contenu publi\u00e9 ou la conception du portail.<\/p>\n<p>EXPLOTACIONES LO ACEZ, S.L. n&rsquo;est pas responsable de l&rsquo;utilisation faite par des tiers des informations publi\u00e9es sur le portail, ni des dommages subis ou des pertes \u00e9conomiques qui, directement ou indirectement, peuvent causer des pr\u00e9judices mat\u00e9riels ou des dommages aux donn\u00e9es r\u00e9sultant de l&rsquo;utilisation de ces informations.<\/p>\n<h2>Reproduction du contenu<\/h2>\n<p>La reproduction totale ou partielle des contenus publi\u00e9s sur le portail est interdite, \u00e0 l&rsquo;exception des contenus consid\u00e9r\u00e9s comme des donn\u00e9es ouvertes sur le si\u00e8ge \u00e9lectronique, publi\u00e9s conform\u00e9ment aux dispositions du d\u00e9cret royal 1495\/2011 du 24 octobre.<\/p>\n<h2>Droit applicable<\/h2>\n<p>La loi applicable en cas de litige ou de conflit concernant l&rsquo;interpr\u00e9tation des termes contenus dans le pr\u00e9sent avis juridique, ainsi que toute question li\u00e9e aux services fournis par l&rsquo;interm\u00e9diaire de ce portail, sera la loi espagnole.<\/p>\n<p>[\/et_pb_text][\/et_pb_column][\/et_pb_row][\/et_pb_section]<\/p>\n","protected":false},"excerpt":{"rendered":"<p>Avis juridique Ce portail est la propri\u00e9t\u00e9 de EXPLOTACIONES LO ACEZ, S.L., avec le num\u00e9ro d&rsquo;identification fiscale (NIF) : B-B53745113, dont le si\u00e8ge social est situ\u00e9 AVDA PADRE AGUSTINO \u00c1NGEL ESCAPA, S\/N GASOLINERA GALP 03016 ALICANTE\/ALACANT &#8211; (ALICANTE), t\u00e9l\u00e9phone 965-15.98.60 et courriel : gerencia@parkflyalicante.com. Propri\u00e9t\u00e9 intellectuelle et industrielle La conception du portail et ses codes [&hellip;]<\/p>\n","protected":false},"author":1,"featured_media":0,"parent":0,"menu_order":0,"comment_status":"closed","ping_status":"closed","template":"","meta":{"_et_pb_use_builder":"on","_et_pb_old_content":"","_et_gb_content_width":"","footnotes":""},"dipi_cpt_category":[],"class_list":["post-238","page","type-page","status-publish","hentry"],"_links":{"self":[{"href":"https:\/\/parkandflyalicante.com\/fr\/wp-json\/wp\/v2\/pages\/238","targetHints":{"allow":["GET"]}}],"collection":[{"href":"https:\/\/parkandflyalicante.com\/fr\/wp-json\/wp\/v2\/pages"}],"about":[{"href":"https:\/\/parkandflyalicante.com\/fr\/wp-json\/wp\/v2\/types\/page"}],"author":[{"embeddable":true,"href":"https:\/\/parkandflyalicante.com\/fr\/wp-json\/wp\/v2\/users\/1"}],"replies":[{"embeddable":true,"href":"https:\/\/parkandflyalicante.com\/fr\/wp-json\/wp\/v2\/comments?post=238"}],"version-history":[{"count":2,"href":"https:\/\/parkandflyalicante.com\/fr\/wp-json\/wp\/v2\/pages\/238\/revisions"}],"predecessor-version":[{"id":240,"href":"https:\/\/parkandflyalicante.com\/fr\/wp-json\/wp\/v2\/pages\/238\/revisions\/240"}],"wp:attachment":[{"href":"https:\/\/parkandflyalicante.com\/fr\/wp-json\/wp\/v2\/media?parent=238"}],"wp:term":[{"taxonomy":"dipi_cpt_category","embeddable":true,"href":"https:\/\/parkandflyalicante.com\/fr\/wp-json\/wp\/v2\/dipi_cpt_category?post=238"}],"curies":[{"name":"wp","href":"https:\/\/api.w.org\/{rel}","templated":true}]}}