{"id":244,"date":"2025-03-24T09:08:41","date_gmt":"2025-03-24T09:08:41","guid":{"rendered":"https:\/\/parkandflyalicante.com\/politique-de-confidentialite\/"},"modified":"2025-11-24T09:53:54","modified_gmt":"2025-11-24T09:53:54","slug":"politique-de-confidentialite","status":"publish","type":"page","link":"https:\/\/parkandflyalicante.com\/fr\/politique-de-confidentialite\/","title":{"rendered":"Politique de confidentialit\u00e9"},"content":{"rendered":"<p>[et_pb_section fb_built=\u00a0\u00bb1&Prime; _builder_version=\u00a0\u00bb4.27.2&Prime; _module_preset=\u00a0\u00bbdefault\u00a0\u00bb global_colors_info=\u00a0\u00bb{}\u00a0\u00bb][et_pb_row _builder_version=\u00a0\u00bb4.27.2&Prime; _module_preset=\u00a0\u00bbdefault\u00a0\u00bb global_colors_info=\u00a0\u00bb{}\u00a0\u00bb][et_pb_column type=\u00a0\u00bb4_4&Prime; _builder_version=\u00a0\u00bb4.27.2&Prime; _module_preset=\u00a0\u00bbdefault\u00a0\u00bb global_colors_info=\u00a0\u00bb{}\u00a0\u00bb][et_pb_text _builder_version=\u00a0\u00bb4.27.2&Prime; _module_preset=\u00a0\u00bbdefault\u00a0\u00bb hover_enabled=\u00a0\u00bb0&Prime; global_colors_info=\u00a0\u00bb{}\u00a0\u00bb sticky_enabled=\u00a0\u00bb0&Prime;]<\/p>\n<h1>Politique de confidentialit\u00e9<\/h1>\n<p>EXPLOTACIONES LO ACEZ, S.L. s&rsquo;engage \u00e0 prot\u00e9ger votre vie priv\u00e9e. La pr\u00e9sente politique de confidentialit\u00e9 explique comment nous recueillons et utilisons vos donn\u00e9es personnelles et quels sont les droits et options dont vous disposez \u00e0 cet \u00e9gard. Veuillez \u00e9galement consulter notre Politique en mati\u00e8re de cookies, qui explique l&rsquo;utilisation de cookies et d&rsquo;autres dispositifs de suivi du Web sur notre site Web.  <\/p>\n<h2>Qui est responsable du traitement de vos donn\u00e9es personnelles ?<\/h2>\n<p>EXPLOTACIONES LO ACEZ, S.L., avec le num\u00e9ro d&rsquo;identification fiscale (N.I.F.) B-53745113, si\u00e8ge social \u00e0 AVDA PADRE AGUSTINO \u00c1NGEL ESCAPA, S\/N GASOLINERA GALP 03016 ALICANTE\/ALACANT &#8211; (ALICANTE), num\u00e9ro de t\u00e9l\u00e9phone 965-15.98.60 et e-mail : gerencia@parkflyalicante.com, est le responsable du traitement de vos donn\u00e9es \u00e0 caract\u00e8re personnel.<\/p>\n<p>Par cons\u00e9quent, nous garantissons la s\u00e9curit\u00e9 et le traitement confidentiel de vos donn\u00e9es, conform\u00e9ment aux dispositions du R\u00c8GLEMENT EUROP\u00c9EN SUR LA PROTECTION DES DONN\u00c9ES (UE) 679\/2016, ainsi qu&rsquo;\u00e0 toute autre r\u00e9glementation applicable.<\/p>\n<h2>\u00c0 quelles fins utilisons-nous vos donn\u00e9es personnelles ?<\/h2>\n<p>EXPLOTACIONES LO ACEZ, S.L. utilise vos donn\u00e9es dans la mesure permise par le GDPR, ainsi que par la l\u00e9gislation applicable en vigueur. Dans tous les cas, le traitement sera effectu\u00e9 \u00e0 des fins sp\u00e9cifiques, explicites et l\u00e9gitimes et ne sera en aucun cas trait\u00e9 de mani\u00e8re incompatible avec ces fins. En particulier, les traitements suivants seront effectu\u00e9s :  <\/p>\n<ul>\n<li>Pour r\u00e9pondre \u00e0 vos questions, demandes ou candidatures.<\/li>\n<li>G\u00e9rer la relation contractuelle et la fourniture des services de consultation demand\u00e9s par le client.<\/li>\n<li>Pour g\u00e9rer vos appels t\u00e9l\u00e9phoniques.<\/li>\n<li>D\u00e9livrer des re\u00e7us pour les services fournis en faveur du client.<\/li>\n<li>Pour la bonne ex\u00e9cution du service demand\u00e9, les donn\u00e9es personnelles du client n\u00e9cessaires au suivi de ses progr\u00e8s au cours de la prestation du service seront trait\u00e9es.<\/li>\n<li>Effectuer toutes les d\u00e9marches administratives, fiscales et comptables n\u00e9cessaires au respect de nos engagements contractuels et de nos obligations fiscales et comptables.<\/li>\n<li>Pour respecter nos obligations l\u00e9gales.<\/li>\n<li>Analyser et am\u00e9liorer nos services et nos communications avec vous.<\/li>\n<li>Contr\u00f4ler et \u00e9valuer le respect de nos politiques et r\u00e8gles.<\/li>\n<li>G\u00e9rer l&rsquo;envoi d&rsquo;informations et la prospection commerciale par tout moyen, en cas de consentement explicite.<\/li>\n<\/ul>\n<h2>Quelle est la base juridique du traitement de vos donn\u00e9es ?<\/h2>\n<p>La base juridique du traitement des donn\u00e9es \u00e0 caract\u00e8re personnel que nous effectuons est \u00e0 tout moment conforme aux dispositions de l&rsquo;article 6 du GDPR, ainsi qu&rsquo;\u00e0 l&rsquo;article 8 de la loi organique 3\/2018. Dans les cas o\u00f9 la base juridique de la finalit\u00e9 principale de l&rsquo;utilisation des donn\u00e9es ne se trouve dans aucune des bases juridiques susmentionn\u00e9es, le consentement de la personne concern\u00e9e sera demand\u00e9 pour le traitement. Dans les cas o\u00f9 la base juridique de la finalit\u00e9 principale de l&rsquo;utilisation des donn\u00e9es ne figure dans aucune des bases juridiques susmentionn\u00e9es, le consentement de la personne concern\u00e9e sera demand\u00e9 pour le traitement.  <\/p>\n<h2>Combien de temps conservons-nous vos donn\u00e9es ?<\/h2>\n<p>Les donn\u00e9es personnelles seront conserv\u00e9es aussi longtemps que n\u00e9cessaire pour la prestation du service ou aussi longtemps que la personne concern\u00e9e ne retire pas son consentement. Par la suite, les donn\u00e9es seront supprim\u00e9es conform\u00e9ment aux dispositions de la r\u00e9glementation en mati\u00e8re de protection des donn\u00e9es, ce qui implique leur blocage, leur mise \u00e0 disposition uniquement \u00e0 la demande des juges et tribunaux, du m\u00e9diateur, du minist\u00e8re public ou des administrations publiques comp\u00e9tentes pendant le d\u00e9lai de prescription des actions susceptibles d&rsquo;\u00eatre engag\u00e9es et, une fois ce d\u00e9lai \u00e9coul\u00e9, elles seront compl\u00e8tement supprim\u00e9es. <\/p>\n<h2>Avec qui partageons-nous vos donn\u00e9es ?<\/h2>\n<p>Nous vous informons que les donn\u00e9es fournies seront communiqu\u00e9es aux diff\u00e9rents fournisseurs de produits et services n\u00e9cessaires \u00e0 l&rsquo;ex\u00e9cution du traitement demand\u00e9. Nos fournisseurs sont tenus d&rsquo;utiliser les donn\u00e9es fournies uniquement et exclusivement pour l&rsquo;ex\u00e9cution du service demand\u00e9. <\/p>\n<p>Les donn\u00e9es personnelles trait\u00e9es par EXPLOTACIONES LO ACEZ, S.L. pour atteindre les objectifs d\u00e9taill\u00e9s ci-dessus peuvent \u00eatre communiqu\u00e9es aux destinataires suivants, en fonction de la base juridique de la communication :<\/p>\n<ul>\n<li>Administrations publiques dans les cas pr\u00e9vus par la loi.<\/li>\n<li>Organismes charg\u00e9s de l&rsquo;application de la loi.<\/li>\n<li>Les banques et les entit\u00e9s financi\u00e8res pour la collecte des services contractuels.<\/li>\n<li>Registres publics de solvabilit\u00e9 des actifs et syst\u00e8mes de pr\u00e9vention de la fraude.<\/li>\n<\/ul>\n<h2>Quels sont vos droits ?<\/h2>\n<p>Les droits :<\/p>\n<p>En particulier, quelle que soit la finalit\u00e9 ou la base juridique en vertu de laquelle nous traitons vos donn\u00e9es, vous avez le droit :<\/p>\n<p><strong>Droit d&rsquo;acc\u00e8s :<\/strong> toute personne a le droit d&rsquo;obtenir la confirmation qu&rsquo;EXPLOTACIONES LO ACEZ, S.L. traite ou non des donn\u00e9es \u00e0 caract\u00e8re personnel la concernant.<\/p>\n<p><strong>Droit de rectification :<\/strong> vous avez le droit d&rsquo;acc\u00e9der aux donn\u00e9es \u00e0 caract\u00e8re personnel que nous d\u00e9tenons et de demander leur rectification lorsqu&rsquo;elles sont inexactes.<\/p>\n<p><strong>Droit d&rsquo;effacement :<\/strong> lorsque les donn\u00e9es collect\u00e9es ne sont plus n\u00e9cessaires aux fins pour lesquelles elles ont \u00e9t\u00e9 collect\u00e9es.<\/p>\n<p><strong>Droit \u00e0 la limitation du traitement :<\/strong> vous pouvez demander la limitation du traitement de vos donn\u00e9es et demander qu&rsquo;elles soient conserv\u00e9es pour l&rsquo;exercice ou la d\u00e9fense de droits.<\/p>\n<p><strong>Droit \u00e0 la portabilit\u00e9 des donn\u00e9es :<\/strong> vous avez le droit d&rsquo;obtenir les donn\u00e9es \u00e0 caract\u00e8re personnel vous concernant dans un format structur\u00e9, couramment utilis\u00e9 et lisible par machine, et de les transmettre \u00e0 un autre responsable du traitement.<\/p>\n<p><strong>Droit de retirer son consentement :<\/strong> le droit de retirer tout consentement que vous nous avez donn\u00e9 pr\u00e9c\u00e9demment pour le traitement de vos informations personnelles. Si vous retirez votre consentement, cela n&rsquo;affectera pas la l\u00e9galit\u00e9 de l&rsquo;utilisation que nous avons faite de vos informations personnelles avant que vous ne retiriez votre consentement. <\/p>\n<h2>Comment pouvez-vous exercer vos droits ?<\/h2>\n<p>EXPLOTACIONES LO ACEZ, S.L. s&rsquo;engage \u00e0 respecter la confidentialit\u00e9 de vos donn\u00e9es personnelles et \u00e0 garantir l&rsquo;exercice de vos droits. Vous pouvez les exercer gratuitement en \u00e9crivant un e-mail \u00e0 notre adresse gerencia@parkflyalicante.com en indiquant simplement la raison de votre demande et le droit que vous souhaitez exercer, et nous vous informons qu&rsquo;il est essentiel, conform\u00e9ment \u00e0 la loi, que vous fournissiez une copie de votre DNI ou NIE. Nous vous informons \u00e9galement que, conform\u00e9ment \u00e0 notre politique de transparence, tous les droits sont disponibles sur le site web pour les clients. Nous vous informons que vous pouvez \u00e9galement exercer vos droits en d\u00e9posant une plainte aupr\u00e8s de l&rsquo;autorit\u00e9 de contr\u00f4le comp\u00e9tente lorsque vous n&rsquo;avez pas obtenu satisfaction dans l&rsquo;exercice de vos droits.   <\/p>\n<p>[\/et_pb_text][\/et_pb_column][\/et_pb_row][\/et_pb_section]<\/p>\n","protected":false},"excerpt":{"rendered":"<p>Politique de confidentialit\u00e9 EXPLOTACIONES LO ACEZ, S.L. s&rsquo;engage \u00e0 prot\u00e9ger votre vie priv\u00e9e. La pr\u00e9sente politique de confidentialit\u00e9 explique comment nous recueillons et utilisons vos donn\u00e9es personnelles et quels sont les droits et options dont vous disposez \u00e0 cet \u00e9gard. Veuillez \u00e9galement consulter notre Politique en mati\u00e8re de cookies, qui explique l&rsquo;utilisation de cookies et [&hellip;]<\/p>\n","protected":false},"author":1,"featured_media":0,"parent":0,"menu_order":0,"comment_status":"closed","ping_status":"closed","template":"","meta":{"_et_pb_use_builder":"on","_et_pb_old_content":"","_et_gb_content_width":"","footnotes":""},"dipi_cpt_category":[],"class_list":["post-244","page","type-page","status-publish","hentry"],"_links":{"self":[{"href":"https:\/\/parkandflyalicante.com\/fr\/wp-json\/wp\/v2\/pages\/244","targetHints":{"allow":["GET"]}}],"collection":[{"href":"https:\/\/parkandflyalicante.com\/fr\/wp-json\/wp\/v2\/pages"}],"about":[{"href":"https:\/\/parkandflyalicante.com\/fr\/wp-json\/wp\/v2\/types\/page"}],"author":[{"embeddable":true,"href":"https:\/\/parkandflyalicante.com\/fr\/wp-json\/wp\/v2\/users\/1"}],"replies":[{"embeddable":true,"href":"https:\/\/parkandflyalicante.com\/fr\/wp-json\/wp\/v2\/comments?post=244"}],"version-history":[{"count":5,"href":"https:\/\/parkandflyalicante.com\/fr\/wp-json\/wp\/v2\/pages\/244\/revisions"}],"predecessor-version":[{"id":249,"href":"https:\/\/parkandflyalicante.com\/fr\/wp-json\/wp\/v2\/pages\/244\/revisions\/249"}],"wp:attachment":[{"href":"https:\/\/parkandflyalicante.com\/fr\/wp-json\/wp\/v2\/media?parent=244"}],"wp:term":[{"taxonomy":"dipi_cpt_category","embeddable":true,"href":"https:\/\/parkandflyalicante.com\/fr\/wp-json\/wp\/v2\/dipi_cpt_category?post=244"}],"curies":[{"name":"wp","href":"https:\/\/api.w.org\/{rel}","templated":true}]}}